{"id":1117,"date":"2014-03-03T09:17:06","date_gmt":"2014-03-03T08:17:06","guid":{"rendered":"http:\/\/www.nesse.be\/wild-encounter\/"},"modified":"2014-05-20T22:22:50","modified_gmt":"2014-05-20T21:22:50","slug":"wildlife-artist-wild-encounter","status":"publish","type":"page","link":"https:\/\/www.nesse.be\/en\/wildlife-artist-wild-encounter\/","title":{"rendered":"Wild Encounter"},"content":{"rendered":"<h2><em><span style=\"color: #8c4d00;\">Wolf, timid but very intelligent.<\/span><\/em><\/h2>\n<p>&nbsp;<\/p>\n<p><img loading=\"lazy\" decoding=\"async\" class=\"size-full wp-image-180 alignleft\" src=\"http:\/\/www.nesse.be\/wp-content\/uploads\/2014\/03\/Rencontre-Sauvage-Francoise-Nesse.jpg\" alt=\"Wildlife artist-Rencontre Sauvage\" width=\"504\" height=\"700\" srcset=\"https:\/\/www.nesse.be\/wp-content\/uploads\/2014\/03\/Rencontre-Sauvage-Francoise-Nesse.jpg 504w, https:\/\/www.nesse.be\/wp-content\/uploads\/2014\/03\/Rencontre-Sauvage-Francoise-Nesse-108x150.jpg 108w, https:\/\/www.nesse.be\/wp-content\/uploads\/2014\/03\/Rencontre-Sauvage-Francoise-Nesse-216x300.jpg 216w, https:\/\/www.nesse.be\/wp-content\/uploads\/2014\/03\/Rencontre-Sauvage-Francoise-Nesse-106x148.jpg 106w, https:\/\/www.nesse.be\/wp-content\/uploads\/2014\/03\/Rencontre-Sauvage-Francoise-Nesse-22x31.jpg 22w, https:\/\/www.nesse.be\/wp-content\/uploads\/2014\/03\/Rencontre-Sauvage-Francoise-Nesse-27x38.jpg 27w, https:\/\/www.nesse.be\/wp-content\/uploads\/2014\/03\/Rencontre-Sauvage-Francoise-Nesse-154x215.jpg 154w\" sizes=\"auto, (max-width: 504px) 100vw, 504px\" \/><\/p>\n<p style=\"text-align: justify;\">Le loup, par sa r\u00e9putation, reste un animal tr\u00e8s craintif mais aussi tr\u00e8s malin. Avec un comportement gr\u00e9gaire, il peut s&#8217;attaquer \u00e0 de tr\u00e8s gros gibiers tels que des Wapitis, des Caribous et m\u00eame parfois des Bisons. Les voir en pleine nature est un privil\u00e8ge r\u00e9serv\u00e9 aux chanceux. Cette chance, je l&#8217;ai eu \u00e0 plusieurs reprises, malheureusement que bien trop rarement. Ces moments magiques sont des souvenirs qui resteront grav\u00e9s dans ma m\u00e9moire, parmi les belles observations dans le nord de l&#8217;Am\u00e9rique.<\/p>\n<p>&nbsp;<\/p>\n<p>&nbsp;<\/p>\n<p>&nbsp;<\/p>\n<p>&nbsp;<\/p>\n<p>&nbsp;<\/p>\n<p>&nbsp;<\/p>\n<p>&nbsp;<\/p>\n<p>&nbsp;<\/p>\n<p>&nbsp;<\/p>\n<p>&nbsp;<\/p>\n<p>&nbsp;<\/p>\n<p>&nbsp;<\/p>\n<p>&nbsp;<\/p>\n<p>&nbsp;<\/p>\n<p>&nbsp;<\/p>\n<p>&#8220;Rencontre Sauvage&#8221; made \u200b\u200bgouache on <a href=\"http:\/\/www.canson.com\/\">Canson<\/a> board.<\/p>\n<p>Price: on <a href=\"https:\/\/www.nesse.be\/en\/wildlife-artist-contact\/\">request<\/a> Original<\/p>\n<p>Format: 52 x 36 cm<\/p>\n<p>Art reproductions, signed, numbered, available <a href=\"https:\/\/www.nesse.be\/en\/wildlife-artist-shop-en\/\">here<\/a><\/p>\n<h2 style=\"text-align: left;\"><em><span style=\"color: #8c4d00;\">\u00a0<\/span><\/em><\/h2>\n<p>&nbsp;<\/p>\n<p>&nbsp;<\/p>\n","protected":false},"excerpt":{"rendered":"<p>Wolf, timid but very intelligent. &nbsp; Le loup, par sa r\u00e9putation, reste un animal tr\u00e8s craintif mais aussi tr\u00e8s malin. Avec un comportement gr\u00e9gaire, il peut s&#8217;attaquer \u00e0 de tr\u00e8s gros gibiers tels que des Wapitis, des Caribous et m\u00eame parfois des Bisons. Les voir en pleine nature est un privil\u00e8ge r\u00e9serv\u00e9 aux chanceux. Cette [&hellip;]<\/p>\n","protected":false},"author":3,"featured_media":0,"parent":0,"menu_order":0,"comment_status":"closed","ping_status":"closed","template":"template-microsite.php","meta":{"_et_pb_use_builder":"","_et_pb_old_content":"","_et_gb_content_width":"","footnotes":""},"class_list":["post-1117","page","type-page","status-publish","hentry"],"_links":{"self":[{"href":"https:\/\/www.nesse.be\/en\/wp-json\/wp\/v2\/pages\/1117","targetHints":{"allow":["GET"]}}],"collection":[{"href":"https:\/\/www.nesse.be\/en\/wp-json\/wp\/v2\/pages"}],"about":[{"href":"https:\/\/www.nesse.be\/en\/wp-json\/wp\/v2\/types\/page"}],"author":[{"embeddable":true,"href":"https:\/\/www.nesse.be\/en\/wp-json\/wp\/v2\/users\/3"}],"replies":[{"embeddable":true,"href":"https:\/\/www.nesse.be\/en\/wp-json\/wp\/v2\/comments?post=1117"}],"version-history":[{"count":0,"href":"https:\/\/www.nesse.be\/en\/wp-json\/wp\/v2\/pages\/1117\/revisions"}],"wp:attachment":[{"href":"https:\/\/www.nesse.be\/en\/wp-json\/wp\/v2\/media?parent=1117"}],"curies":[{"name":"wp","href":"https:\/\/api.w.org\/{rel}","templated":true}]}}