{"id":1046,"date":"2014-02-28T08:33:34","date_gmt":"2014-02-28T07:33:34","guid":{"rendered":"http:\/\/www.nesse.be\/le-chat-de-garde\/"},"modified":"2014-05-20T20:11:03","modified_gmt":"2014-05-20T19:11:03","slug":"le-chat-de-garde","status":"publish","type":"page","link":"https:\/\/www.nesse.be\/es\/le-chat-de-garde\/","title":{"rendered":"Le Chat de Garde"},"content":{"rendered":"<h2 style=\"text-align: left;\"><em><span style=\"color: #8c4d00;\">Suave e independiente<\/span><\/em><\/h2>\n<p>&nbsp;<\/p>\n<p style=\"text-align: right;\"><img loading=\"lazy\" decoding=\"async\" class=\"size-full wp-image-125 alignleft\" src=\"http:\/\/www.nesse.be\/wp-content\/uploads\/2014\/02\/Wildlife-artist-Chat-de-Garde1.jpg\" alt=\"Wildlife artist-Chat de Garde\" width=\"589\" height=\"700\" srcset=\"https:\/\/www.nesse.be\/wp-content\/uploads\/2014\/02\/Wildlife-artist-Chat-de-Garde1.jpg 589w, https:\/\/www.nesse.be\/wp-content\/uploads\/2014\/02\/Wildlife-artist-Chat-de-Garde1-126x150.jpg 126w, https:\/\/www.nesse.be\/wp-content\/uploads\/2014\/02\/Wildlife-artist-Chat-de-Garde1-252x300.jpg 252w, https:\/\/www.nesse.be\/wp-content\/uploads\/2014\/02\/Wildlife-artist-Chat-de-Garde1-124x148.jpg 124w, https:\/\/www.nesse.be\/wp-content\/uploads\/2014\/02\/Wildlife-artist-Chat-de-Garde1-26x31.jpg 26w, https:\/\/www.nesse.be\/wp-content\/uploads\/2014\/02\/Wildlife-artist-Chat-de-Garde1-31x38.jpg 31w, https:\/\/www.nesse.be\/wp-content\/uploads\/2014\/02\/Wildlife-artist-Chat-de-Garde1-180x215.jpg 180w\" sizes=\"auto, (max-width: 589px) 100vw, 589px\" \/><\/p>\n<p>El gato, cuando se observa, tiene un aspecto que siempre me ha fascinado. Se puso de pie durante largas horas en frente de la casa. Como un perro guardi\u00e1n, \u00e9l tom\u00f3 el papel tan en serio que &#8230;<\/p>\n<p>&nbsp;<\/p>\n<p>&nbsp;<\/p>\n<p>&nbsp;<\/p>\n<p>&nbsp;<\/p>\n<p>&nbsp;<\/p>\n<p>&nbsp;<\/p>\n<p>&nbsp;<\/p>\n<p>&nbsp;<\/p>\n<p>&nbsp;<\/p>\n<p>&nbsp;<\/p>\n<p>&nbsp;<\/p>\n<p>&nbsp;<\/p>\n<p>&nbsp;<\/p>\n<p>&nbsp;<\/p>\n<p>&nbsp;<\/p>\n<p>&nbsp;<\/p>\n<p>&nbsp;<\/p>\n<p>Niebla de la ma\u00f1ana hizo aguada a bordo\u00a0<a href=\"http:\/\/www.canson.com\/\">Canson<\/a>.<\/p>\n<p>Precio: Sold out<\/p>\n<p>Reproducciones de arte, firmadas, numeradas, disponibles <a href=\"https:\/\/www.nesse.be\/es\/shop\/\">aqui<\/a>.<\/p>\n<p>&nbsp;<\/p>\n<p style=\"text-align: left;\">\n","protected":false},"excerpt":{"rendered":"<p>Suave e independiente &nbsp; El gato, cuando se observa, tiene un aspecto que siempre me ha fascinado. Se puso de pie durante largas horas en frente de la casa. Como un perro guardi\u00e1n, \u00e9l tom\u00f3 el papel tan en serio que &#8230; &nbsp; &nbsp; &nbsp; &nbsp; &nbsp; &nbsp; &nbsp; &nbsp; &nbsp; &nbsp; &nbsp; &nbsp; &nbsp; [&hellip;]<\/p>\n","protected":false},"author":3,"featured_media":0,"parent":0,"menu_order":0,"comment_status":"closed","ping_status":"closed","template":"template-microsite.php","meta":{"_et_pb_use_builder":"","_et_pb_old_content":"","_et_gb_content_width":"","footnotes":""},"class_list":["post-1046","page","type-page","status-publish","hentry"],"_links":{"self":[{"href":"https:\/\/www.nesse.be\/es\/wp-json\/wp\/v2\/pages\/1046","targetHints":{"allow":["GET"]}}],"collection":[{"href":"https:\/\/www.nesse.be\/es\/wp-json\/wp\/v2\/pages"}],"about":[{"href":"https:\/\/www.nesse.be\/es\/wp-json\/wp\/v2\/types\/page"}],"author":[{"embeddable":true,"href":"https:\/\/www.nesse.be\/es\/wp-json\/wp\/v2\/users\/3"}],"replies":[{"embeddable":true,"href":"https:\/\/www.nesse.be\/es\/wp-json\/wp\/v2\/comments?post=1046"}],"version-history":[{"count":0,"href":"https:\/\/www.nesse.be\/es\/wp-json\/wp\/v2\/pages\/1046\/revisions"}],"wp:attachment":[{"href":"https:\/\/www.nesse.be\/es\/wp-json\/wp\/v2\/media?parent=1046"}],"curies":[{"name":"wp","href":"https:\/\/api.w.org\/{rel}","templated":true}]}}