{"id":1095,"date":"2014-03-09T19:50:10","date_gmt":"2014-03-09T18:50:10","guid":{"rendered":"http:\/\/www.nesse.be\/le-randonneur\/"},"modified":"2014-05-22T22:43:59","modified_gmt":"2014-05-22T21:43:59","slug":"wildlife-artist-le-randonneur","status":"publish","type":"page","link":"https:\/\/www.nesse.be\/es\/wildlife-artist-le-randonneur\/","title":{"rendered":"Le Randonneur"},"content":{"rendered":"<h2><em><span style=\"color: #8c4d00;\">En el rayo aparentemente pac\u00edfica pero animado <\/span><\/em><\/h2>\n<p>&nbsp;<\/p>\n<p style=\"text-align: justify;\"><img loading=\"lazy\" decoding=\"async\" class=\"size-full wp-image-313 alignleft\" title=\"Wildlife artist-Le randonneur\" src=\"http:\/\/www.nesse.be\/wp-content\/uploads\/2014\/03\/Wildlife-artist-Le-randonneur.jpg\" alt=\"Wildlife artist-Le randonneur\" width=\"700\" height=\"466\" srcset=\"https:\/\/www.nesse.be\/wp-content\/uploads\/2014\/03\/Wildlife-artist-Le-randonneur.jpg 700w, https:\/\/www.nesse.be\/wp-content\/uploads\/2014\/03\/Wildlife-artist-Le-randonneur-150x99.jpg 150w, https:\/\/www.nesse.be\/wp-content\/uploads\/2014\/03\/Wildlife-artist-Le-randonneur-300x199.jpg 300w, https:\/\/www.nesse.be\/wp-content\/uploads\/2014\/03\/Wildlife-artist-Le-randonneur-148x98.jpg 148w, https:\/\/www.nesse.be\/wp-content\/uploads\/2014\/03\/Wildlife-artist-Le-randonneur-31x20.jpg 31w, https:\/\/www.nesse.be\/wp-content\/uploads\/2014\/03\/Wildlife-artist-Le-randonneur-38x25.jpg 38w, https:\/\/www.nesse.be\/wp-content\/uploads\/2014\/03\/Wildlife-artist-Le-randonneur-322x215.jpg 322w\" sizes=\"auto, (max-width: 700px) 100vw, 700px\" \/>Cuando paseo a lo largo de los r\u00edos en busca de peces, gris\u00e1ceo aparentemente pac\u00edficos y torpes. Advertencia! Esto es una ilusi\u00f3n, todav\u00eda est\u00e1 al acecho alrededor para no ser sorprendido por un cong\u00e9nere rival. M\u00e1s hambriento f\u00e1cilmente tomar el lugar de oso lleno, a veces con gran ferocidad y raramente fatal. Pesca aprenden la t\u00e9cnica con su madre cuando son muy peque\u00f1os, se necesita por su parte, que s\u00f3lo los m\u00e1s valientes y abordar una determinada velocidad y el paso m\u00e1s fuerte esta haza\u00f1a. Estas pesquer\u00edas, se han observado en los r\u00edos de Alaska, donde he recogido un gran n\u00famero de dibujos y fotograf\u00edas. El oso pardo se muestra en mi pintura llega a su punto de agua para su sesi\u00f3n de pesca, tuvimos tiempo libre para disfrutar en silencio.<\/p>\n<p>&nbsp;<\/p>\n<p>&nbsp;<\/p>\n<p>&nbsp;<\/p>\n<p>&nbsp;<\/p>\n<p>&nbsp;<\/p>\n<p>\u00abLe Randonneur\u00bb es un gouache sobre cart\u00f3n\u00a0<a href=\"http:\/\/www.canson.com\/\">Canson<\/a>.<\/p>\n<p>Precio: Original para <a href=\"https:\/\/www.nesse.be\/es\/wildlife-artist-contacto\/ \u200e\">solicitar<\/a>.<\/p>\n<p>Reproducciones de arte, firmadas, numeradas, disponibles <a href=\"https:\/\/www.nesse.be\/es\/shop\/\">aqui<\/a>.<\/p>\n<p>&nbsp;<\/p>\n<p>&nbsp;<\/p>\n<p>&nbsp;<\/p>\n<p>&nbsp;<\/p>\n<p>&nbsp;<\/p>\n<p>&nbsp;<\/p>\n<p>&nbsp;<\/p>\n<p>&nbsp;<\/p>\n","protected":false},"excerpt":{"rendered":"<p>En el rayo aparentemente pac\u00edfica pero animado &nbsp; Cuando paseo a lo largo de los r\u00edos en busca de peces, gris\u00e1ceo aparentemente pac\u00edficos y torpes. Advertencia! Esto es una ilusi\u00f3n, todav\u00eda est\u00e1 al acecho alrededor para no ser sorprendido por un cong\u00e9nere rival. M\u00e1s hambriento f\u00e1cilmente tomar el lugar de oso lleno, a veces con [&hellip;]<\/p>\n","protected":false},"author":3,"featured_media":0,"parent":0,"menu_order":0,"comment_status":"closed","ping_status":"closed","template":"template-microsite.php","meta":{"_et_pb_use_builder":"","_et_pb_old_content":"","_et_gb_content_width":"","footnotes":""},"class_list":["post-1095","page","type-page","status-publish","hentry"],"_links":{"self":[{"href":"https:\/\/www.nesse.be\/es\/wp-json\/wp\/v2\/pages\/1095","targetHints":{"allow":["GET"]}}],"collection":[{"href":"https:\/\/www.nesse.be\/es\/wp-json\/wp\/v2\/pages"}],"about":[{"href":"https:\/\/www.nesse.be\/es\/wp-json\/wp\/v2\/types\/page"}],"author":[{"embeddable":true,"href":"https:\/\/www.nesse.be\/es\/wp-json\/wp\/v2\/users\/3"}],"replies":[{"embeddable":true,"href":"https:\/\/www.nesse.be\/es\/wp-json\/wp\/v2\/comments?post=1095"}],"version-history":[{"count":0,"href":"https:\/\/www.nesse.be\/es\/wp-json\/wp\/v2\/pages\/1095\/revisions"}],"wp:attachment":[{"href":"https:\/\/www.nesse.be\/es\/wp-json\/wp\/v2\/media?parent=1095"}],"curies":[{"name":"wp","href":"https:\/\/api.w.org\/{rel}","templated":true}]}}