{"id":1167,"date":"2014-05-13T22:20:48","date_gmt":"2014-05-13T21:20:48","guid":{"rendered":"http:\/\/www.nesse.be\/the-leader\/"},"modified":"2015-01-08T20:46:21","modified_gmt":"2015-01-08T19:46:21","slug":"the-leader","status":"publish","type":"page","link":"https:\/\/www.nesse.be\/es\/the-leader\/","title":{"rendered":"The Leader"},"content":{"rendered":"<p>&nbsp;<\/p>\n<h2><span style=\"color: #8c4d00;\"><em>Due\u00f1o absoluto Autoritario\u00a0<\/em><\/span><\/h2>\n<p>&nbsp;<\/p>\n<p><a href=\"http:\/\/www.nesse.be\/wp-content\/uploads\/2014\/05\/Wildlife-artist-Le-Leader1.png\"><img loading=\"lazy\" decoding=\"async\" class=\"alignleft wp-image-953 size-full\" src=\"http:\/\/www.nesse.be\/wp-content\/uploads\/2014\/05\/Wildlife-artist-Le-Leader1.png\" alt=\"Wildlife artist-Le Leader\" width=\"364\" height=\"458\" srcset=\"https:\/\/www.nesse.be\/wp-content\/uploads\/2014\/05\/Wildlife-artist-Le-Leader1.png 364w, https:\/\/www.nesse.be\/wp-content\/uploads\/2014\/05\/Wildlife-artist-Le-Leader1-119x150.png 119w, https:\/\/www.nesse.be\/wp-content\/uploads\/2014\/05\/Wildlife-artist-Le-Leader1-238x300.png 238w, https:\/\/www.nesse.be\/wp-content\/uploads\/2014\/05\/Wildlife-artist-Le-Leader1-117x148.png 117w, https:\/\/www.nesse.be\/wp-content\/uploads\/2014\/05\/Wildlife-artist-Le-Leader1-24x31.png 24w, https:\/\/www.nesse.be\/wp-content\/uploads\/2014\/05\/Wildlife-artist-Le-Leader1-30x38.png 30w, https:\/\/www.nesse.be\/wp-content\/uploads\/2014\/05\/Wildlife-artist-Le-Leader1-170x215.png 170w\" sizes=\"auto, (max-width: 364px) 100vw, 364px\" \/><\/a><\/p>\n<p>&nbsp;<\/p>\n<p style=\"text-align: justify;\">El macho alfa es a menudo necesaria en un paquete a partir de abril a diciembre de los individuos. Es m\u00e1s fuerte y m\u00e1s potente, tiene que constantemente demuestran. Su jerarqu\u00eda utilizada para control de la natalidad y promover descendientes sanos. Con la hembra alfa, que ser\u00e1 la \u00fanica pareja a tener cachorros. Son respetados por todos los miembros y dictan los movimientos y momentos cazas etc &#8230; Como son temas que me encantan de reproducir en el papel, que es parte de una serie de 6 animales en peligro de extinci\u00f3n (Wolf, Puma, pel\u00edcano blanco, \u00e1guila calva, Swift Fox y Grizzly) que dibuj\u00e9.<\/p>\n<p>&nbsp;<\/p>\n<p>&nbsp;<\/p>\n<p>&nbsp;<\/p>\n<p>&nbsp;<\/p>\n<p>&nbsp;<\/p>\n<p>\u00abLe Leader\u00bb mis empastes sobre papel\u00a0<a href=\"http:\/\/fabriano.com\/\">Fabriano<\/a>\u00a0290 gr.<\/p>\n<p>Formato: 50 x 32\u00a0cm<\/p>\n<p>Prix: Sold out<\/p>\n<p>Reproducciones de arte, firmadas, numeradas, disponibles <a href=\"https:\/\/www.nesse.be\/es\/shop\/\">aqui<\/a>.<\/p>\n<p>&nbsp;<\/p>\n<p>&nbsp;<\/p>\n<p>&nbsp;<\/p>\n<p>&nbsp;<\/p>\n<p>&nbsp;<\/p>\n<p>&nbsp;<\/p>\n<p>&nbsp;<\/p>\n<p>&nbsp;<\/p>\n<p>&nbsp;<\/p>\n<p>&nbsp;<\/p>\n<p>&nbsp;<\/p>\n<p>&nbsp;<\/p>\n","protected":false},"excerpt":{"rendered":"<p>&nbsp; Due\u00f1o absoluto Autoritario\u00a0 &nbsp; &nbsp; El macho alfa es a menudo necesaria en un paquete a partir de abril a diciembre de los individuos. Es m\u00e1s fuerte y m\u00e1s potente, tiene que constantemente demuestran. Su jerarqu\u00eda utilizada para control de la natalidad y promover descendientes sanos. Con la hembra alfa, que ser\u00e1 la \u00fanica [&hellip;]<\/p>\n","protected":false},"author":3,"featured_media":0,"parent":0,"menu_order":0,"comment_status":"closed","ping_status":"closed","template":"template-microsite.php","meta":{"_et_pb_use_builder":"","_et_pb_old_content":"","_et_gb_content_width":"","footnotes":""},"class_list":["post-1167","page","type-page","status-publish","hentry"],"_links":{"self":[{"href":"https:\/\/www.nesse.be\/es\/wp-json\/wp\/v2\/pages\/1167","targetHints":{"allow":["GET"]}}],"collection":[{"href":"https:\/\/www.nesse.be\/es\/wp-json\/wp\/v2\/pages"}],"about":[{"href":"https:\/\/www.nesse.be\/es\/wp-json\/wp\/v2\/types\/page"}],"author":[{"embeddable":true,"href":"https:\/\/www.nesse.be\/es\/wp-json\/wp\/v2\/users\/3"}],"replies":[{"embeddable":true,"href":"https:\/\/www.nesse.be\/es\/wp-json\/wp\/v2\/comments?post=1167"}],"version-history":[{"count":0,"href":"https:\/\/www.nesse.be\/es\/wp-json\/wp\/v2\/pages\/1167\/revisions"}],"wp:attachment":[{"href":"https:\/\/www.nesse.be\/es\/wp-json\/wp\/v2\/media?parent=1167"}],"curies":[{"name":"wp","href":"https:\/\/api.w.org\/{rel}","templated":true}]}}