{"id":1171,"date":"2014-03-03T09:17:06","date_gmt":"2014-03-03T08:17:06","guid":{"rendered":"http:\/\/www.nesse.be\/rencontre-sauvage\/"},"modified":"2014-05-22T22:19:00","modified_gmt":"2014-05-22T21:19:00","slug":"rencontre-sauvage","status":"publish","type":"page","link":"https:\/\/www.nesse.be\/es\/rencontre-sauvage\/","title":{"rendered":"Rencontre Sauvage"},"content":{"rendered":"<h2><em><span style=\"color: #8c4d00;\">Wolf, t\u00edmida pero muy inteligente.<\/span><\/em><\/h2>\n<p>\u00a0<\/p>\n<p><img loading=\"lazy\" decoding=\"async\" class=\"size-full wp-image-180 alignleft\" alt=\"Wildlife artist-Rencontre Sauvage\" src=\"http:\/\/www.nesse.be\/wp-content\/uploads\/2014\/03\/Rencontre-Sauvage-Francoise-Nesse.jpg\" width=\"504\" height=\"700\" srcset=\"https:\/\/www.nesse.be\/wp-content\/uploads\/2014\/03\/Rencontre-Sauvage-Francoise-Nesse.jpg 504w, https:\/\/www.nesse.be\/wp-content\/uploads\/2014\/03\/Rencontre-Sauvage-Francoise-Nesse-108x150.jpg 108w, https:\/\/www.nesse.be\/wp-content\/uploads\/2014\/03\/Rencontre-Sauvage-Francoise-Nesse-216x300.jpg 216w, https:\/\/www.nesse.be\/wp-content\/uploads\/2014\/03\/Rencontre-Sauvage-Francoise-Nesse-106x148.jpg 106w, https:\/\/www.nesse.be\/wp-content\/uploads\/2014\/03\/Rencontre-Sauvage-Francoise-Nesse-22x31.jpg 22w, https:\/\/www.nesse.be\/wp-content\/uploads\/2014\/03\/Rencontre-Sauvage-Francoise-Nesse-27x38.jpg 27w, https:\/\/www.nesse.be\/wp-content\/uploads\/2014\/03\/Rencontre-Sauvage-Francoise-Nesse-154x215.jpg 154w\" sizes=\"auto, (max-width: 504px) 100vw, 504px\" \/><\/p>\n<p style=\"text-align: justify;\">El lobo, por su reputaci\u00f3n, sigue siendo un animal muy t\u00edmido pero muy inteligente. Con el comportamiento de reba\u00f1o, se puede hacer frente a gran juego como el alce, carib\u00fa e incluso bisontes. Ver en la naturaleza es un privilegio reservado a los afortunados. Esta oportunidad, tuve varios, por desgracia eso con muy poca frecuencia. Estos momentos m\u00e1gicos son recuerdos que permanecer\u00e1n grabadas en mi memoria, entre las hermosas observaciones en Am\u00e9rica del Norte.<\/p>\n<p>\u00a0<\/p>\n<p>\u00a0<\/p>\n<p>\u00a0<\/p>\n<p>\u00a0<\/p>\n<p>\u00a0<\/p>\n<p>\u00a0<\/p>\n<p>\u00a0<\/p>\n<p>\u00a0<\/p>\n<p>\u00a0<\/p>\n<p>\u00a0<\/p>\n<p>\u00a0<\/p>\n<p>\u00a0<\/p>\n<p>\u00a0<\/p>\n<p>\u00a0<\/p>\n<p>\u00a0<\/p>\n<p>\u00abRencontre Sauvage\u00bb es un gouache sobre cart\u00f3n\u00a0<a href=\"http:\/\/www.canson.com\/\">Canson<\/a>.<\/p>\n<p>Precio: Original para <a href=\"https:\/\/www.nesse.be\/es\/wildlife-artist-contacto\/ \u200e\">solicitar<\/a>.<\/p>\n<p>Reproducciones de arte, firmadas, numeradas, disponibles <a href=\"https:\/\/www.nesse.be\/es\/shop\/\">aqui<\/a>.<\/p>\n<p>\u00a0<\/p>\n<h2 style=\"text-align: left;\"><em><span style=\"color: #8c4d00;\">\u00a0<\/span><\/em><\/h2>\n","protected":false},"excerpt":{"rendered":"<p>Wolf, t\u00edmida pero muy inteligente. \u00a0 El lobo, por su reputaci\u00f3n, sigue siendo un animal muy t\u00edmido pero muy inteligente. Con el comportamiento de reba\u00f1o, se puede hacer frente a gran juego como el alce, carib\u00fa e incluso bisontes. Ver en la naturaleza es un privilegio reservado a los afortunados. Esta oportunidad, tuve varios, por [&hellip;]<\/p>\n","protected":false},"author":3,"featured_media":0,"parent":0,"menu_order":0,"comment_status":"closed","ping_status":"closed","template":"template-microsite.php","meta":{"_et_pb_use_builder":"","_et_pb_old_content":"","_et_gb_content_width":"","footnotes":""},"class_list":["post-1171","page","type-page","status-publish","hentry"],"_links":{"self":[{"href":"https:\/\/www.nesse.be\/es\/wp-json\/wp\/v2\/pages\/1171","targetHints":{"allow":["GET"]}}],"collection":[{"href":"https:\/\/www.nesse.be\/es\/wp-json\/wp\/v2\/pages"}],"about":[{"href":"https:\/\/www.nesse.be\/es\/wp-json\/wp\/v2\/types\/page"}],"author":[{"embeddable":true,"href":"https:\/\/www.nesse.be\/es\/wp-json\/wp\/v2\/users\/3"}],"replies":[{"embeddable":true,"href":"https:\/\/www.nesse.be\/es\/wp-json\/wp\/v2\/comments?post=1171"}],"version-history":[{"count":0,"href":"https:\/\/www.nesse.be\/es\/wp-json\/wp\/v2\/pages\/1171\/revisions"}],"wp:attachment":[{"href":"https:\/\/www.nesse.be\/es\/wp-json\/wp\/v2\/media?parent=1171"}],"curies":[{"name":"wp","href":"https:\/\/api.w.org\/{rel}","templated":true}]}}