{"id":1173,"date":"2014-03-25T22:44:58","date_gmt":"2014-03-25T21:44:58","guid":{"rendered":"http:\/\/www.nesse.be\/le-seigneur-de-manchourie\/"},"modified":"2014-12-22T22:27:29","modified_gmt":"2014-12-22T21:27:29","slug":"le-seigneur-de-manchourie","status":"publish","type":"page","link":"https:\/\/www.nesse.be\/es\/le-seigneur-de-manchourie\/","title":{"rendered":"Le Seigneur de Mandchourie"},"content":{"rendered":"<h2><span style=\"color: #8c4d00;\"><em>Snow Leopard, gran depredador y sin embargo amenazado<\/em><\/span><\/h2>\n<p>&nbsp;<\/p>\n<p><img loading=\"lazy\" decoding=\"async\" class=\"size-full wp-image-350 alignleft\" src=\"http:\/\/www.nesse.be\/wp-content\/uploads\/2014\/03\/Wildlife-artist-Le-Seigneur-de-Mandchourie.jpg\" alt=\"Wildlife artist-Le Seigneur de Mandchourie\" width=\"700\" height=\"469\" srcset=\"https:\/\/www.nesse.be\/wp-content\/uploads\/2014\/03\/Wildlife-artist-Le-Seigneur-de-Mandchourie.jpg 700w, https:\/\/www.nesse.be\/wp-content\/uploads\/2014\/03\/Wildlife-artist-Le-Seigneur-de-Mandchourie-150x100.jpg 150w, https:\/\/www.nesse.be\/wp-content\/uploads\/2014\/03\/Wildlife-artist-Le-Seigneur-de-Mandchourie-300x201.jpg 300w, https:\/\/www.nesse.be\/wp-content\/uploads\/2014\/03\/Wildlife-artist-Le-Seigneur-de-Mandchourie-148x99.jpg 148w, https:\/\/www.nesse.be\/wp-content\/uploads\/2014\/03\/Wildlife-artist-Le-Seigneur-de-Mandchourie-31x20.jpg 31w, https:\/\/www.nesse.be\/wp-content\/uploads\/2014\/03\/Wildlife-artist-Le-Seigneur-de-Mandchourie-38x25.jpg 38w, https:\/\/www.nesse.be\/wp-content\/uploads\/2014\/03\/Wildlife-artist-Le-Seigneur-de-Mandchourie-320x215.jpg 320w\" sizes=\"auto, (max-width: 700px) 100vw, 700px\" \/><\/p>\n<p style=\"text-align: justify;\">Como la mayor\u00eda de los depredadores, el leopardo de las nieves se encuentra en peligro. A s\u00f3lo 600 animales todav\u00eda viven en el desierto. A pesar de esto, la caza furtiva sigue siendo hasta hoy la principal causa de la escasez de este precioso animal.<\/p>\n<p>&nbsp;<\/p>\n<p>&nbsp;<\/p>\n<p>&nbsp;<\/p>\n<p>&nbsp;<\/p>\n<p>&nbsp;<\/p>\n<p>&nbsp;<\/p>\n<p>&nbsp;<\/p>\n<p>&nbsp;<\/p>\n<p>\u00abSeigneur de Mandchourie\u00bb\u00a0es un gouache sobre cart\u00f3n\u00a0<a href=\"http:\/\/www.canson.com\/\">Canson<\/a>.<\/p>\n<p>Formato: 102 x 68 cm<\/p>\n<p>Precio: Original para <a href=\"https:\/\/www.nesse.be\/es\/wildlife-artist-contacto\/ \u200e\">solicitar<\/a>.<\/p>\n<p>Reproducciones de arte, firmadas, numeradas, disponibles <a href=\"https:\/\/www.nesse.be\/es\/shop\/\">aqui<\/a>.<\/p>\n<p>&nbsp;<\/p>\n<p>&nbsp;<\/p>\n<p>&nbsp;<\/p>\n<p>&nbsp;<\/p>\n<p>&nbsp;<\/p>\n","protected":false},"excerpt":{"rendered":"<p>Snow Leopard, gran depredador y sin embargo amenazado &nbsp; Como la mayor\u00eda de los depredadores, el leopardo de las nieves se encuentra en peligro. A s\u00f3lo 600 animales todav\u00eda viven en el desierto. A pesar de esto, la caza furtiva sigue siendo hasta hoy la principal causa de la escasez de este precioso animal. &nbsp; [&hellip;]<\/p>\n","protected":false},"author":3,"featured_media":0,"parent":0,"menu_order":0,"comment_status":"closed","ping_status":"closed","template":"template-microsite.php","meta":{"_et_pb_use_builder":"","_et_pb_old_content":"","_et_gb_content_width":"","footnotes":""},"class_list":["post-1173","page","type-page","status-publish","hentry"],"_links":{"self":[{"href":"https:\/\/www.nesse.be\/es\/wp-json\/wp\/v2\/pages\/1173","targetHints":{"allow":["GET"]}}],"collection":[{"href":"https:\/\/www.nesse.be\/es\/wp-json\/wp\/v2\/pages"}],"about":[{"href":"https:\/\/www.nesse.be\/es\/wp-json\/wp\/v2\/types\/page"}],"author":[{"embeddable":true,"href":"https:\/\/www.nesse.be\/es\/wp-json\/wp\/v2\/users\/3"}],"replies":[{"embeddable":true,"href":"https:\/\/www.nesse.be\/es\/wp-json\/wp\/v2\/comments?post=1173"}],"version-history":[{"count":0,"href":"https:\/\/www.nesse.be\/es\/wp-json\/wp\/v2\/pages\/1173\/revisions"}],"wp:attachment":[{"href":"https:\/\/www.nesse.be\/es\/wp-json\/wp\/v2\/media?parent=1173"}],"curies":[{"name":"wp","href":"https:\/\/api.w.org\/{rel}","templated":true}]}}