{"id":1178,"date":"2014-03-02T19:19:17","date_gmt":"2014-03-02T18:19:17","guid":{"rendered":"http:\/\/www.nesse.be\/the-king\/"},"modified":"2014-06-08T15:53:31","modified_gmt":"2014-06-08T14:53:31","slug":"wildlife-artist-the-king","status":"publish","type":"page","link":"https:\/\/www.nesse.be\/es\/wildlife-artist-the-king\/","title":{"rendered":"The King"},"content":{"rendered":"<h2><em><span style=\"color: #8c4d00;\">La fuerza y \u200b\u200bel orgullo<\/span><\/em><\/h2>\n<p>&nbsp;<\/p>\n<p><img loading=\"lazy\" decoding=\"async\" class=\"size-full wp-image-182 alignleft\" style=\"text-align: right;\" src=\"http:\/\/www.nesse.be\/wp-content\/uploads\/2014\/03\/The-King-Francoise-Nesse.jpg\" alt=\"Wildlife artist-The King\" width=\"651\" height=\"700\" srcset=\"https:\/\/www.nesse.be\/wp-content\/uploads\/2014\/03\/The-King-Francoise-Nesse.jpg 651w, https:\/\/www.nesse.be\/wp-content\/uploads\/2014\/03\/The-King-Francoise-Nesse-139x150.jpg 139w, https:\/\/www.nesse.be\/wp-content\/uploads\/2014\/03\/The-King-Francoise-Nesse-279x300.jpg 279w, https:\/\/www.nesse.be\/wp-content\/uploads\/2014\/03\/The-King-Francoise-Nesse-137x148.jpg 137w, https:\/\/www.nesse.be\/wp-content\/uploads\/2014\/03\/The-King-Francoise-Nesse-28x31.jpg 28w, https:\/\/www.nesse.be\/wp-content\/uploads\/2014\/03\/The-King-Francoise-Nesse-35x38.jpg 35w, https:\/\/www.nesse.be\/wp-content\/uploads\/2014\/03\/The-King-Francoise-Nesse-199x215.jpg 199w\" sizes=\"auto, (max-width: 651px) 100vw, 651px\" \/><\/p>\n<p style=\"text-align: justify;\">Tuve la oportunidad de observar un tiempo muy largo, lo que le permiti\u00f3 ir tan emocionante para m\u00ed, lo suficiente para hacer una tabla. Tal vez una de las pocas veces en que un depredador tiene por lo me impresion\u00f3 con su habilidad de dejar que refleja su estado de \u00e1nimo.<\/p>\n<p style=\"text-align: justify;\">A veces enojado y agresivo, a veces el jugador y tierno, con todo es tierno y reflexivo que me atrajo.<\/p>\n<p style=\"text-align: justify;\">Espero que tambi\u00e9n os am\u00e9is esto!<\/p>\n<p>&nbsp;<\/p>\n<p>&nbsp;<\/p>\n<p>&nbsp;<\/p>\n<p>&nbsp;<\/p>\n<p>&nbsp;<\/p>\n<p>&nbsp;<\/p>\n<p>&nbsp;<\/p>\n<p>&nbsp;<\/p>\n<p>&nbsp;<\/p>\n<p>&nbsp;<\/p>\n<p>&nbsp;<\/p>\n<p>&nbsp;<\/p>\n<p>&nbsp;<\/p>\n<p>\u00abThe King\u00bb es un gouache sobre cart\u00f3n\u00a0<a href=\"http:\/\/www.canson.com\/\">Canson<\/a>.<\/p>\n<p>Formato: 60 x 68 cm<\/p>\n<p>Precio: Original para <a href=\"https:\/\/www.nesse.be\/es\/wildlife-artist-contacto\/ \u200e\">solicitar<\/a>.<\/p>\n<p>Reproducciones de arte, firmadas, numeradas, disponibles <a href=\"https:\/\/www.nesse.be\/es\/shop\/\">aqui<\/a>.<\/p>\n<p>&nbsp;<\/p>\n<h2 style=\"text-align: left;\"><em><span style=\"color: #8c4d00;\">\u00a0<\/span><\/em><\/h2>\n","protected":false},"excerpt":{"rendered":"<p>La fuerza y \u200b\u200bel orgullo &nbsp; Tuve la oportunidad de observar un tiempo muy largo, lo que le permiti\u00f3 ir tan emocionante para m\u00ed, lo suficiente para hacer una tabla. Tal vez una de las pocas veces en que un depredador tiene por lo me impresion\u00f3 con su habilidad de dejar que refleja su estado [&hellip;]<\/p>\n","protected":false},"author":3,"featured_media":0,"parent":0,"menu_order":0,"comment_status":"closed","ping_status":"closed","template":"template-microsite.php","meta":{"_et_pb_use_builder":"","_et_pb_old_content":"","_et_gb_content_width":"","footnotes":""},"class_list":["post-1178","page","type-page","status-publish","hentry"],"_links":{"self":[{"href":"https:\/\/www.nesse.be\/es\/wp-json\/wp\/v2\/pages\/1178","targetHints":{"allow":["GET"]}}],"collection":[{"href":"https:\/\/www.nesse.be\/es\/wp-json\/wp\/v2\/pages"}],"about":[{"href":"https:\/\/www.nesse.be\/es\/wp-json\/wp\/v2\/types\/page"}],"author":[{"embeddable":true,"href":"https:\/\/www.nesse.be\/es\/wp-json\/wp\/v2\/users\/3"}],"replies":[{"embeddable":true,"href":"https:\/\/www.nesse.be\/es\/wp-json\/wp\/v2\/comments?post=1178"}],"version-history":[{"count":0,"href":"https:\/\/www.nesse.be\/es\/wp-json\/wp\/v2\/pages\/1178\/revisions"}],"wp:attachment":[{"href":"https:\/\/www.nesse.be\/es\/wp-json\/wp\/v2\/media?parent=1178"}],"curies":[{"name":"wp","href":"https:\/\/api.w.org\/{rel}","templated":true}]}}