{"id":1184,"date":"2014-03-26T23:07:49","date_gmt":"2014-03-26T22:07:49","guid":{"rendered":"http:\/\/www.nesse.be\/le-mentor\/"},"modified":"2015-01-08T20:49:42","modified_gmt":"2015-01-08T19:49:42","slug":"le-mentor","status":"publish","type":"page","link":"https:\/\/www.nesse.be\/es\/le-mentor\/","title":{"rendered":"Le Mentor"},"content":{"rendered":"<h2><span style=\"color: #8c4d00;\"><em>Macho alfa, la manada dominante<\/em><\/span><\/h2>\n<p>&nbsp;<\/p>\n<p><a href=\"http:\/\/www.nesse.be\/wp-content\/uploads\/2014\/05\/Wildlife-artist-Le-Mentor.png\"><img loading=\"lazy\" decoding=\"async\" class=\"alignleft wp-image-964 size-full\" src=\"http:\/\/www.nesse.be\/wp-content\/uploads\/2014\/05\/Wildlife-artist-Le-Mentor.png\" alt=\"Wildlife artist-Le Mentor\" width=\"366\" height=\"504\" srcset=\"https:\/\/www.nesse.be\/wp-content\/uploads\/2014\/05\/Wildlife-artist-Le-Mentor.png 366w, https:\/\/www.nesse.be\/wp-content\/uploads\/2014\/05\/Wildlife-artist-Le-Mentor-108x150.png 108w, https:\/\/www.nesse.be\/wp-content\/uploads\/2014\/05\/Wildlife-artist-Le-Mentor-217x300.png 217w, https:\/\/www.nesse.be\/wp-content\/uploads\/2014\/05\/Wildlife-artist-Le-Mentor-107x148.png 107w, https:\/\/www.nesse.be\/wp-content\/uploads\/2014\/05\/Wildlife-artist-Le-Mentor-22x31.png 22w, https:\/\/www.nesse.be\/wp-content\/uploads\/2014\/05\/Wildlife-artist-Le-Mentor-27x38.png 27w, https:\/\/www.nesse.be\/wp-content\/uploads\/2014\/05\/Wildlife-artist-Le-Mentor-156x215.png 156w\" sizes=\"auto, (max-width: 366px) 100vw, 366px\" \/><\/a><\/p>\n<p style=\"text-align: justify;\">El macho alfa es el due\u00f1o absoluto de la manada. \u00c9l comparte con su responsabilidad de la mujer s\u00f3lo reproducciones del mismo paquete. \u00c9l aceptar\u00e1 ninguna concesi\u00f3n de sus superiores ya que tendr\u00e1 la fuerza para empujar a los otros pretendientes m\u00e1s j\u00f3venes.<\/p>\n<p style=\"text-align: justify;\">Dentro del paquete, e incluso fuera de ella, es f\u00e1cilmente reconocible por su forma de moverse. Lobos presentados muestran otros signos visibles, como la reducci\u00f3n de la cola entre las piernas en la presentaci\u00f3n mientras que el Mentor mantiene su cola en el aire mostrando con orgullo un poco de confianza. Cuando regres\u00f3 de una caminata, otros lobos bienvenida como un rey adora y de felicitaci\u00f3n.<\/p>\n<p>&nbsp;<\/p>\n<p>&nbsp;<\/p>\n<p>&nbsp;<\/p>\n<p>&nbsp;<\/p>\n<p>&nbsp;<\/p>\n<p>&nbsp;<\/p>\n<p>\u00abLe Mentor\u00bb mis empastes sobre papel\u00a0<a href=\"http:\/\/fabriano.com\/\">Fabriano<\/a>\u00a0290 gr.<\/p>\n<p>Formato: 50 x 32\u00a0cm<\/p>\n<p>Prix: Sold out<\/p>\n<p>Reproducciones de arte, firmadas, numeradas, disponibles <a href=\"https:\/\/www.nesse.be\/es\/shop\/\">aqui<\/a>.<\/p>\n","protected":false},"excerpt":{"rendered":"<p>Macho alfa, la manada dominante &nbsp; El macho alfa es el due\u00f1o absoluto de la manada. \u00c9l comparte con su responsabilidad de la mujer s\u00f3lo reproducciones del mismo paquete. \u00c9l aceptar\u00e1 ninguna concesi\u00f3n de sus superiores ya que tendr\u00e1 la fuerza para empujar a los otros pretendientes m\u00e1s j\u00f3venes. Dentro del paquete, e incluso fuera [&hellip;]<\/p>\n","protected":false},"author":3,"featured_media":0,"parent":0,"menu_order":0,"comment_status":"closed","ping_status":"closed","template":"template-microsite.php","meta":{"_et_pb_use_builder":"","_et_pb_old_content":"","_et_gb_content_width":"","footnotes":""},"class_list":["post-1184","page","type-page","status-publish","hentry"],"_links":{"self":[{"href":"https:\/\/www.nesse.be\/es\/wp-json\/wp\/v2\/pages\/1184","targetHints":{"allow":["GET"]}}],"collection":[{"href":"https:\/\/www.nesse.be\/es\/wp-json\/wp\/v2\/pages"}],"about":[{"href":"https:\/\/www.nesse.be\/es\/wp-json\/wp\/v2\/types\/page"}],"author":[{"embeddable":true,"href":"https:\/\/www.nesse.be\/es\/wp-json\/wp\/v2\/users\/3"}],"replies":[{"embeddable":true,"href":"https:\/\/www.nesse.be\/es\/wp-json\/wp\/v2\/comments?post=1184"}],"version-history":[{"count":0,"href":"https:\/\/www.nesse.be\/es\/wp-json\/wp\/v2\/pages\/1184\/revisions"}],"wp:attachment":[{"href":"https:\/\/www.nesse.be\/es\/wp-json\/wp\/v2\/media?parent=1184"}],"curies":[{"name":"wp","href":"https:\/\/api.w.org\/{rel}","templated":true}]}}