{"id":682,"date":"2014-02-25T00:55:31","date_gmt":"2014-02-24T23:55:31","guid":{"rendered":"http:\/\/www.nesse.be\/?page_id=682"},"modified":"2014-11-09T21:23:05","modified_gmt":"2014-11-09T20:23:05","slug":"wildlife-artist-belgium","status":"publish","type":"page","link":"https:\/\/www.nesse.be\/es\/wildlife-artist-belgium\/","title":{"rendered":"Bienvenidos"},"content":{"rendered":"<p>[vc_row][vc_column width=\u00bb1\/1&#8243;][vc_text_separator title=\u00bbBienvenidos a mi sitio web\u00bb title_align=\u00bbseparator_align_center\u00bb][\/vc_column][\/vc_row][vc_row][vc_column][vc_column_text]<\/p>\n<p>&nbsp;<\/p>\n<p><img loading=\"lazy\" decoding=\"async\" class=\"size-full wp-image-42 alignleft\" src=\"http:\/\/www.nesse.be\/wp-content\/uploads\/2014\/02\/Francoise-dessine-un-ours.png\" alt=\"Francoise dessine un ours\" width=\"493\" height=\"389\" srcset=\"https:\/\/www.nesse.be\/wp-content\/uploads\/2014\/02\/Francoise-dessine-un-ours.png 493w, https:\/\/www.nesse.be\/wp-content\/uploads\/2014\/02\/Francoise-dessine-un-ours-150x118.png 150w, https:\/\/www.nesse.be\/wp-content\/uploads\/2014\/02\/Francoise-dessine-un-ours-300x236.png 300w, https:\/\/www.nesse.be\/wp-content\/uploads\/2014\/02\/Francoise-dessine-un-ours-148x116.png 148w, https:\/\/www.nesse.be\/wp-content\/uploads\/2014\/02\/Francoise-dessine-un-ours-31x24.png 31w, https:\/\/www.nesse.be\/wp-content\/uploads\/2014\/02\/Francoise-dessine-un-ours-38x29.png 38w, https:\/\/www.nesse.be\/wp-content\/uploads\/2014\/02\/Francoise-dessine-un-ours-272x215.png 272w\" sizes=\"auto, (max-width: 493px) 100vw, 493px\" \/><\/p>\n<p>&nbsp;<\/p>\n<p>Hola y bienvenidos a mi nuevo sitio. \u00a1S\u00ed, he o\u00eddo decir que era hora! Tienes raz\u00f3n, es por eso que dejo descubrir r\u00e1pidamente mi nuevo peque\u00f1o rinc\u00f3n del para\u00edso, el que est\u00e1 con mi pasi\u00f3n. D\u00e9jame en una nota que me diera su opini\u00f3n!<\/p>\n<p>&nbsp;<\/p>\n<p>Gracias por su paciencia y hasta pronto.<\/p>\n<p>&nbsp;<\/p>\n<p>Fran\u00e7oise Nesse<\/p>\n<p>[\/vc_column_text][\/vc_column][\/vc_row][vc_row margin_top=\u00bb15&#8243; margin_bottom=\u00bb15&#8243; padding_left=\u00bb40&#8243; padding_right=\u00bb40&#8243; bg_position=\u00bbtop\u00bb bg_repeat=\u00bbno-repeat\u00bb bg_cover=\u00bbfalse\u00bb bg_attachment=\u00bbfalse\u00bb padding_top=\u00bb40&#8243; padding_bottom=\u00bb40&#8243; parallax_speed=\u00bb0.1&#8243;][vc_column width=\u00bb1\/1&#8243;][vc_facebook type=\u00bbstandard\u00bb][\/vc_column][\/vc_row][vc_row margin_top=\u00bb0&#8243; margin_bottom=\u00bb20&#8243; padding_left=\u00bb40&#8243; padding_right=\u00bb40&#8243; bg_position=\u00bbtop\u00bb bg_repeat=\u00bbno-repeat\u00bb bg_cover=\u00bbfalse\u00bb bg_attachment=\u00bbfalse\u00bb padding_top=\u00bb40&#8243; padding_bottom=\u00bb40&#8243; parallax_speed=\u00bb0.1&#8243;][vc_column width=\u00bb1\/1&#8243;][vc_text_separator title=\u00bbUltimas Noticias\u00bb title_align=\u00bbseparator_align_center\u00bb][vc_row_inner][vc_column_inner width=\u00bb1\/1&#8243;][\/vc_column_inner][\/vc_row_inner][\/vc_column][\/vc_row]<\/p>\n","protected":false},"excerpt":{"rendered":"<p>[vc_row][vc_column width=\u00bb1\/1&#8243;][vc_text_separator title=\u00bbBienvenidos a mi sitio web\u00bb title_align=\u00bbseparator_align_center\u00bb][\/vc_column][\/vc_row][vc_row][vc_column][vc_column_text] &nbsp; &nbsp; Hola y bienvenidos a mi nuevo sitio. \u00a1S\u00ed, he o\u00eddo decir que era hora! Tienes raz\u00f3n, es por eso que dejo descubrir r\u00e1pidamente mi nuevo peque\u00f1o rinc\u00f3n del para\u00edso, el que est\u00e1 con mi pasi\u00f3n. D\u00e9jame en una nota que me diera su opini\u00f3n! &nbsp; [&hellip;]<\/p>\n","protected":false},"author":3,"featured_media":0,"parent":0,"menu_order":0,"comment_status":"closed","ping_status":"closed","template":"","meta":{"_et_pb_use_builder":"on","_et_pb_old_content":"","_et_gb_content_width":"","footnotes":""},"class_list":["post-682","page","type-page","status-publish","hentry"],"_links":{"self":[{"href":"https:\/\/www.nesse.be\/es\/wp-json\/wp\/v2\/pages\/682","targetHints":{"allow":["GET"]}}],"collection":[{"href":"https:\/\/www.nesse.be\/es\/wp-json\/wp\/v2\/pages"}],"about":[{"href":"https:\/\/www.nesse.be\/es\/wp-json\/wp\/v2\/types\/page"}],"author":[{"embeddable":true,"href":"https:\/\/www.nesse.be\/es\/wp-json\/wp\/v2\/users\/3"}],"replies":[{"embeddable":true,"href":"https:\/\/www.nesse.be\/es\/wp-json\/wp\/v2\/comments?post=682"}],"version-history":[{"count":0,"href":"https:\/\/www.nesse.be\/es\/wp-json\/wp\/v2\/pages\/682\/revisions"}],"wp:attachment":[{"href":"https:\/\/www.nesse.be\/es\/wp-json\/wp\/v2\/media?parent=682"}],"curies":[{"name":"wp","href":"https:\/\/api.w.org\/{rel}","templated":true}]}}