{"id":879,"date":"2014-03-23T22:04:38","date_gmt":"2014-05-11T08:56:32","guid":{"rendered":"http:\/\/www.nesse.be\/?page_id=879"},"modified":"2014-05-11T09:58:45","modified_gmt":"2014-05-11T08:58:45","slug":"wildlife-artist-the-partners","status":"publish","type":"page","link":"https:\/\/www.nesse.be\/es\/wildlife-artist-the-partners\/","title":{"rendered":"The Partners"},"content":{"rendered":"<h2><span style=\"color: #8c4d00;\"><em>A veces los zorros c\u00f3mplices son oportunistas y muy astuto.<\/em><\/span><\/h2>\n<p>&nbsp;<\/p>\n<p style=\"text-align: justify;\"><img loading=\"lazy\" decoding=\"async\" class=\"size-full wp-image-351 alignleft\" src=\"http:\/\/www.nesse.be\/wp-content\/uploads\/2014\/03\/Wildlife-artist-Les-Comperes.jpg\" alt=\"Wildlife artist-Les Comperes\" width=\"700\" height=\"471\" srcset=\"https:\/\/www.nesse.be\/wp-content\/uploads\/2014\/03\/Wildlife-artist-Les-Comperes.jpg 700w, https:\/\/www.nesse.be\/wp-content\/uploads\/2014\/03\/Wildlife-artist-Les-Comperes-150x100.jpg 150w, https:\/\/www.nesse.be\/wp-content\/uploads\/2014\/03\/Wildlife-artist-Les-Comperes-300x201.jpg 300w, https:\/\/www.nesse.be\/wp-content\/uploads\/2014\/03\/Wildlife-artist-Les-Comperes-148x99.jpg 148w, https:\/\/www.nesse.be\/wp-content\/uploads\/2014\/03\/Wildlife-artist-Les-Comperes-31x20.jpg 31w, https:\/\/www.nesse.be\/wp-content\/uploads\/2014\/03\/Wildlife-artist-Les-Comperes-38x25.jpg 38w, https:\/\/www.nesse.be\/wp-content\/uploads\/2014\/03\/Wildlife-artist-Les-Comperes-319x215.jpg 319w\" sizes=\"auto, (max-width: 700px) 100vw, 700px\" \/><\/p>\n<p style=\"text-align: justify;\">Los zorros son animales muy entra\u00f1ables, astutos y traviesos, sus ojos me estaban fascinados con rapidez. Despu\u00e9s de largas observaciones y estudios, finalmente fui capaz de pintar y jugar. Vieron cerca de sus guaridas en mis muchos a\u00f1os sirvi\u00f3 como modelo para domar mis pinceles.<\/p>\n<p>&nbsp;<\/p>\n<p>&nbsp;<\/p>\n<p>&nbsp;<\/p>\n<p>&nbsp;<\/p>\n<p>&nbsp;<\/p>\n<p>&nbsp;<\/p>\n<p>&nbsp;<\/p>\n<p>&nbsp;<\/p>\n<p>\u00abThe Partners\u00bb hizo aguada a bordo\u00a0<a href=\"http:\/\/www.canson.com\/\">Canson<\/a>.<\/p>\n<p>Precio: <a href=\"https:\/\/www.nesse.be\/es\/wildlife-artist-contacto\/\">Solicitud<\/a> original<\/p>\n<p>Reproducciones de arte, firmadas, numeradas, disponibles\u00a0<a href=\"https:\/\/www.nesse.be\/es\/shop\/\">aqu\u00ed<\/a>.<\/p>\n<p>&nbsp;<\/p>\n<p>&nbsp;<\/p>\n<p>&nbsp;<\/p>\n<p>&nbsp;<\/p>\n<p>&nbsp;<\/p>\n<p>&nbsp;<\/p>\n<p>&nbsp;<\/p>\n<p>&nbsp;<\/p>\n<p>&nbsp;<\/p>\n<p>&nbsp;<\/p>\n<p>&nbsp;<\/p>\n<p>&nbsp;<\/p>\n","protected":false},"excerpt":{"rendered":"<p>A veces los zorros c\u00f3mplices son oportunistas y muy astuto. &nbsp; Los zorros son animales muy entra\u00f1ables, astutos y traviesos, sus ojos me estaban fascinados con rapidez. Despu\u00e9s de largas observaciones y estudios, finalmente fui capaz de pintar y jugar. Vieron cerca de sus guaridas en mis muchos a\u00f1os sirvi\u00f3 como modelo para domar mis [&hellip;]<\/p>\n","protected":false},"author":3,"featured_media":0,"parent":0,"menu_order":0,"comment_status":"closed","ping_status":"closed","template":"template-microsite.php","meta":{"_et_pb_use_builder":"","_et_pb_old_content":"","_et_gb_content_width":"","footnotes":""},"class_list":["post-879","page","type-page","status-publish","hentry"],"_links":{"self":[{"href":"https:\/\/www.nesse.be\/es\/wp-json\/wp\/v2\/pages\/879","targetHints":{"allow":["GET"]}}],"collection":[{"href":"https:\/\/www.nesse.be\/es\/wp-json\/wp\/v2\/pages"}],"about":[{"href":"https:\/\/www.nesse.be\/es\/wp-json\/wp\/v2\/types\/page"}],"author":[{"embeddable":true,"href":"https:\/\/www.nesse.be\/es\/wp-json\/wp\/v2\/users\/3"}],"replies":[{"embeddable":true,"href":"https:\/\/www.nesse.be\/es\/wp-json\/wp\/v2\/comments?post=879"}],"version-history":[{"count":0,"href":"https:\/\/www.nesse.be\/es\/wp-json\/wp\/v2\/pages\/879\/revisions"}],"wp:attachment":[{"href":"https:\/\/www.nesse.be\/es\/wp-json\/wp\/v2\/media?parent=879"}],"curies":[{"name":"wp","href":"https:\/\/api.w.org\/{rel}","templated":true}]}}